{"id":6362,"date":"2025-07-08T19:23:57","date_gmt":"2025-07-08T19:23:57","guid":{"rendered":"https:\/\/tucoloniadigital.com\/?page_id=6362"},"modified":"2026-04-17T05:29:00","modified_gmt":"2026-04-17T05:29:00","slug":"de-cara-al-mundial-2026","status":"publish","type":"page","link":"https:\/\/tucoloniadigital.com\/en\/de-cara-al-mundial-2026\/","title":{"rendered":"De cara al mundial 2026"},"content":{"rendered":"\t\t<div data-elementor-type=\"wp-page\" data-elementor-id=\"6362\" class=\"elementor elementor-6362\" data-elementor-post-type=\"page\">\n\t\t\t\t<div class=\"elementor-element elementor-element-e2b43d5 e-con-full e-flex e-con e-parent\" data-id=\"e2b43d5\" data-element_type=\"container\" data-e-type=\"container\">\n\t\t<div class=\"elementor-element elementor-element-04cdec6 e-con-full e-flex e-con e-child\" data-id=\"04cdec6\" data-element_type=\"container\" data-e-type=\"container\">\n\t\t\t\t<div class=\"elementor-element elementor-element-549131a elementor-widget elementor-widget-text-editor\" data-id=\"549131a\" data-element_type=\"widget\" data-e-type=\"widget\" data-widget_type=\"text-editor.default\">\n\t\t\t\t<div class=\"elementor-widget-container\">\n\t\t\t\t\t\t\t\t\t<p style=\"text-align: center;\"><span style=\"color: #000000;\"><strong>Tu negocio en<\/strong><\/span> <span style=\"color: #ff0000;\"><strong>Tu Colonia Digital<\/strong><\/span> <strong>\u00a1T<\/strong><span style=\"color: #000000;\"><strong>odo el a\u00f1o!<\/strong><\/span><\/p>\t\t\t\t\t\t\t\t<\/div>\n\t\t\t\t<\/div>\n\t\t\t\t<\/div>\n\t\t\t\t<\/div>\n\t\t<div class=\"elementor-element elementor-element-3d1e0bd e-con-full e-flex e-con e-parent\" data-id=\"3d1e0bd\" data-element_type=\"container\" data-e-type=\"container\">\n\t\t<div class=\"elementor-element elementor-element-b4ae3ae e-con-full e-flex e-con e-child\" data-id=\"b4ae3ae\" data-element_type=\"container\" data-e-type=\"container\">\n\t\t\t\t<div class=\"elementor-element elementor-element-dd0c599 elementor-widget elementor-widget-image\" data-id=\"dd0c599\" data-element_type=\"widget\" data-e-type=\"widget\" data-widget_type=\"image.default\">\n\t\t\t\t<div class=\"elementor-widget-container\">\n\t\t\t\t\t\t\t\t\t\t\t\t\t\t\t<img fetchpriority=\"high\" decoding=\"async\" width=\"300\" height=\"200\" src=\"https:\/\/tucoloniadigital.com\/wp-content\/uploads\/2025\/07\/33757899_8070755-300x200.jpg\" class=\"attachment-medium size-medium wp-image-6371\" alt=\"Celebraci\u00f3n Mundial 2026\" srcset=\"https:\/\/tucoloniadigital.com\/wp-content\/uploads\/2025\/07\/33757899_8070755-300x200.jpg 300w, https:\/\/tucoloniadigital.com\/wp-content\/uploads\/2025\/07\/33757899_8070755-1024x683.jpg 1024w, https:\/\/tucoloniadigital.com\/wp-content\/uploads\/2025\/07\/33757899_8070755-768x512.jpg 768w, https:\/\/tucoloniadigital.com\/wp-content\/uploads\/2025\/07\/33757899_8070755-1536x1024.jpg 1536w, https:\/\/tucoloniadigital.com\/wp-content\/uploads\/2025\/07\/33757899_8070755-2048x1366.jpg 2048w, https:\/\/tucoloniadigital.com\/wp-content\/uploads\/2025\/07\/33757899_8070755-18x12.jpg 18w\" sizes=\"(max-width: 300px) 100vw, 300px\" \/>\t\t\t\t\t\t\t\t\t\t\t\t\t\t\t<\/div>\n\t\t\t\t<\/div>\n\t\t\t\t<div class=\"elementor-element elementor-element-d2cf430 elementor-widget elementor-widget-text-editor\" data-id=\"d2cf430\" data-element_type=\"widget\" data-e-type=\"widget\" data-widget_type=\"text-editor.default\">\n\t\t\t\t<div class=\"elementor-widget-container\">\n\t\t\t\t\t\t\t\t\t<p style=\"text-align: center;\" data-start=\"187\" data-end=\"224\"><span class=\"relative -mx-px my-[-0.2rem] rounded px-px py-[0.2rem] transition-colors duration-100 ease-in-out\"><strong>Prep\u00e1rate para Fiebre futbolera<\/strong>\u00a0y convi\u00e9rtete en el sitio favorito de quienes visitan M\u00e9xico. Por solo <strong data-start=\"102\" data-end=\"123\">$1,800 MXN al a\u00f1o<\/strong>, tu negocio tendr\u00e1 un sitio web personalizado en <span style=\"color: #ff0000;\"><strong><em data-start=\"172\" data-end=\"192\">Tu Colonia Digital<\/em><\/strong><\/span><span style=\"color: #003366;\"><strong>:<\/strong><\/span> <span style=\"color: #003366;\"><strong><em>con tu logo, servicios o productos, ubicaci\u00f3n y medios de contacto.<\/em><\/strong><\/span> As\u00ed, estar\u00e1s visible para miles de fans locales e internacionales, antes y durante la temporada de f\u00fatbol 2026.<\/span><\/p><p style=\"text-align: center;\" data-start=\"226\" data-end=\"263\"><span class=\"relative -mx-px my-[-0.2rem] rounded px-px py-[0.2rem] transition-colors duration-100 ease-in-out\"><strong>D\u00e9janos tus datos y asegura tu lugar<\/strong> <strong>en la plataforma<\/strong> que conectar\u00e1 la energ\u00eda del Mundial con la fuerza de tu negocio y tus mejores ofertas.\u00a0<\/span><\/p>\t\t\t\t\t\t\t\t<\/div>\n\t\t\t\t<\/div>\n\t\t\t\t<\/div>\n\t\t<div class=\"elementor-element elementor-element-bd31286 e-con-full e-flex e-con e-child\" data-id=\"bd31286\" data-element_type=\"container\" data-e-type=\"container\">\n\t\t\t\t<div class=\"elementor-element elementor-element-871a4ce elementor-button-align-center elementor-widget elementor-widget-global elementor-global-5838 elementor-widget-form\" data-id=\"871a4ce\" data-element_type=\"widget\" data-e-type=\"widget\" data-settings=\"{&quot;step_next_label&quot;:&quot;Next&quot;,&quot;step_previous_label&quot;:&quot;Previous&quot;,&quot;button_width&quot;:&quot;100&quot;,&quot;step_type&quot;:&quot;number_text&quot;,&quot;step_icon_shape&quot;:&quot;circle&quot;}\" data-widget_type=\"form.default\">\n\t\t\t\t<div class=\"elementor-widget-container\">\n\t\t\t\t\t\t\t<form class=\"elementor-form\" method=\"post\" name=\"New Form\" aria-label=\"New Form\">\n\t\t\t<input type=\"hidden\" name=\"post_id\" value=\"6362\"\/>\n\t\t\t<input type=\"hidden\" name=\"form_id\" value=\"871a4ce\"\/>\n\t\t\t<input type=\"hidden\" name=\"referer_title\" value=\"\" \/>\n\n\t\t\t\n\t\t\t<div class=\"elementor-form-fields-wrapper elementor-labels-above\">\n\t\t\t\t\t\t\t\t<div class=\"elementor-field-type-text elementor-field-group elementor-column elementor-field-group-name elementor-col-100 elementor-field-required elementor-mark-required\">\n\t\t\t\t\t\t\t\t\t\t\t\t<label for=\"form-field-name\" class=\"elementor-field-label\">\n\t\t\t\t\t\t\t\tNombre del Negocio\t\t\t\t\t\t\t<\/label>\n\t\t\t\t\t\t\t\t\t\t\t\t\t\t<input size=\"1\" type=\"text\" name=\"form_fields[name]\" id=\"form-field-name\" class=\"elementor-field elementor-size-sm  elementor-field-textual\" placeholder=\"Nombre del Negocio\" required=\"required\">\n\t\t\t\t\t\t\t\t\t\t\t<\/div>\n\t\t\t\t\t\t\t\t<div class=\"elementor-field-type-text elementor-field-group elementor-column elementor-field-group-field_a7d2b90 elementor-col-100 elementor-field-required elementor-mark-required\">\n\t\t\t\t\t\t\t\t\t\t\t\t<label for=\"form-field-field_a7d2b90\" class=\"elementor-field-label\">\n\t\t\t\t\t\t\t\tNombre del Propietario\t\t\t\t\t\t\t<\/label>\n\t\t\t\t\t\t\t\t\t\t\t\t\t\t<input size=\"1\" type=\"text\" name=\"form_fields[field_a7d2b90]\" id=\"form-field-field_a7d2b90\" class=\"elementor-field elementor-size-sm  elementor-field-textual\" placeholder=\"Nombre del Propietario\" required=\"required\">\n\t\t\t\t\t\t\t\t\t\t\t<\/div>\n\t\t\t\t\t\t\t\t<div class=\"elementor-field-type-email elementor-field-group elementor-column elementor-field-group-email elementor-col-100 elementor-field-required elementor-mark-required\">\n\t\t\t\t\t\t\t\t\t\t\t\t<label for=\"form-field-email\" class=\"elementor-field-label\">\n\t\t\t\t\t\t\t\tEmail del Propietario\t\t\t\t\t\t\t<\/label>\n\t\t\t\t\t\t\t\t\t\t\t\t\t\t<input size=\"1\" type=\"email\" name=\"form_fields[email]\" id=\"form-field-email\" class=\"elementor-field elementor-size-sm  elementor-field-textual\" placeholder=\"Email del Propietario\" required=\"required\">\n\t\t\t\t\t\t\t\t\t\t\t<\/div>\n\t\t\t\t\t\t\t\t<div class=\"elementor-field-type-tel elementor-field-group elementor-column elementor-field-group-field_5d08184 elementor-col-100 elementor-field-required elementor-mark-required\">\n\t\t\t\t\t\t\t\t\t\t\t\t<label for=\"form-field-field_5d08184\" class=\"elementor-field-label\">\n\t\t\t\t\t\t\t\tTel\u00e9fono del Propietario\t\t\t\t\t\t\t<\/label>\n\t\t\t\t\t\t\t\t<input size=\"1\" type=\"tel\" name=\"form_fields[field_5d08184]\" id=\"form-field-field_5d08184\" class=\"elementor-field elementor-size-sm  elementor-field-textual\" placeholder=\"Tel\u00e9fono del Propietario\" required=\"required\" pattern=\"[0-9()#&amp;+*-=.]+\" title=\"Only numbers and phone characters (#, -, *, etc) are accepted.\">\n\n\t\t\t\t\t\t<\/div>\n\t\t\t\t\t\t\t\t<div class=\"elementor-field-type-text elementor-field-group elementor-column elementor-field-group-field_c18026b elementor-col-100 elementor-field-required elementor-mark-required\">\n\t\t\t\t\t\t\t\t\t\t\t\t<label for=\"form-field-field_c18026b\" class=\"elementor-field-label\">\n\t\t\t\t\t\t\t\tUbicaci\u00f3n exacta del negocio\t\t\t\t\t\t\t<\/label>\n\t\t\t\t\t\t\t\t\t\t\t\t\t\t<input size=\"1\" type=\"text\" name=\"form_fields[field_c18026b]\" id=\"form-field-field_c18026b\" class=\"elementor-field elementor-size-sm  elementor-field-textual\" placeholder=\"Direcci\u00f3n Completa del Negocio\" required=\"required\">\n\t\t\t\t\t\t\t\t\t\t\t<\/div>\n\t\t\t\t\t\t\t\t<div class=\"elementor-field-type-text elementor-field-group elementor-column elementor-field-group-field_bdf7bf9 elementor-col-100 elementor-field-required elementor-mark-required\">\n\t\t\t\t\t\t\t\t\t\t\t\t<label for=\"form-field-field_bdf7bf9\" class=\"elementor-field-label\">\n\t\t\t\t\t\t\t\tDescripci\u00f3n del Negocio\t\t\t\t\t\t\t<\/label>\n\t\t\t\t\t\t\t\t\t\t\t\t\t\t<input size=\"1\" type=\"text\" name=\"form_fields[field_bdf7bf9]\" id=\"form-field-field_bdf7bf9\" class=\"elementor-field elementor-size-sm  elementor-field-textual\" placeholder=\"Breve explicaci\u00f3n de lo que ofrece\" required=\"required\">\n\t\t\t\t\t\t\t\t\t\t\t<\/div>\n\t\t\t\t\t\t\t\t<div class=\"elementor-field-type-textarea elementor-field-group elementor-column elementor-field-group-message elementor-col-100\">\n\t\t\t\t\t\t\t\t\t\t\t\t<label for=\"form-field-message\" class=\"elementor-field-label\">\n\t\t\t\t\t\t\t\tD\u00e9janos tu mensaje\t\t\t\t\t\t\t<\/label>\n\t\t\t\t\t\t<textarea class=\"elementor-field-textual elementor-field  elementor-size-sm\" name=\"form_fields[message]\" id=\"form-field-message\" rows=\"4\" placeholder=\"D\u00e9janos tu mensaje\"><\/textarea>\t\t\t\t<\/div>\n\t\t\t\t\t\t\t\t<div class=\"elementor-field-group elementor-column elementor-field-type-submit elementor-col-100 e-form__buttons\">\n\t\t\t\t\t<button class=\"elementor-button elementor-size-sm elementor-animation-grow\" type=\"submit\">\n\t\t\t\t\t\t<span class=\"elementor-button-content-wrapper\">\n\t\t\t\t\t\t\t\t\t\t\t\t\t\t\t<span class=\"elementor-button-icon\">\n\t\t\t\t\t\t\t\t\t<svg aria-hidden=\"true\" class=\"e-font-icon-svg e-fas-paper-plane\" viewBox=\"0 0 512 512\" xmlns=\"http:\/\/www.w3.org\/2000\/svg\"><path d=\"M476 3.2L12.5 270.6c-18.1 10.4-15.8 35.6 2.2 43.2L121 358.4l287.3-253.2c5.5-4.9 13.3 2.6 8.6 8.3L176 407v80.5c0 23.6 28.5 32.9 42.5 15.8L282 426l124.6 52.2c14.2 6 30.4-2.9 33-18.2l72-432C515 7.8 493.3-6.8 476 3.2z\"><\/path><\/svg>\t\t\t\t\t\t\t\t\t\t\t\t\t\t\t\t\t<\/span>\n\t\t\t\t\t\t\t\t\t\t\t\t\t\t\t\t\t\t\t\t\t\t<span class=\"elementor-button-text\">\u00a1Quiero Anunciarme!<\/span>\n\t\t\t\t\t\t\t\t\t\t\t\t\t<\/span>\n\t\t\t\t\t<\/button>\n\t\t\t\t<\/div>\n\t\t\t<\/div>\n\t\t<\/form>\n\t\t\t\t\t\t<\/div>\n\t\t\t\t<\/div>\n\t\t\t\t<\/div>\n\t\t\t\t<\/div>\n\t\t<div class=\"elementor-element elementor-element-0662810 e-con-full e-flex e-con e-parent\" data-id=\"0662810\" data-element_type=\"container\" data-e-type=\"container\">\n\t\t<div class=\"elementor-element elementor-element-fd0af13 e-con-full e-flex e-con e-child\" data-id=\"fd0af13\" data-element_type=\"container\" data-e-type=\"container\">\n\t\t\t\t<div class=\"elementor-element elementor-element-f083bc6 elementor-widget elementor-widget-heading\" data-id=\"f083bc6\" data-element_type=\"widget\" data-e-type=\"widget\" data-widget_type=\"heading.default\">\n\t\t\t\t<div class=\"elementor-widget-container\">\n\t\t\t\t\t<h2 class=\"elementor-heading-title elementor-size-default\">\ud83d\udcc5  Partidos en M\u00e9xico<\/h2>\t\t\t\t<\/div>\n\t\t\t\t<\/div>\n\t\t\t\t<div class=\"elementor-element elementor-element-90b7c50 elementor-widget elementor-widget-text-editor\" data-id=\"90b7c50\" data-element_type=\"widget\" data-e-type=\"widget\" data-widget_type=\"text-editor.default\">\n\t\t\t\t<div class=\"elementor-widget-container\">\n\t\t\t\t\t\t\t\t\t<p style=\"text-align: center;\"><strong>Partido 1 \u2013 11 de junio de 2026<\/strong><\/p><p><strong data-start=\"84\" data-end=\"100\">M\u00e9xico vs A2<\/strong> \u2013 Estadio Azteca (Ciudad de M\u00e9xico)<br data-start=\"136\" data-end=\"139\" \/><strong data-start=\"139\" data-end=\"151\">Favorito<\/strong>: M\u00e9xico (65\u202f% de probabilidad de ganar en casa)<\/p><p style=\"text-align: center;\"><strong>Partido 2 \u2013 18 de junio de 2026<\/strong><\/p><p><strong data-start=\"285\" data-end=\"301\">M\u00e9xico vs A3<\/strong> \u2013 Estadio Akron (Guadalajara)<br data-start=\"331\" data-end=\"334\" \/><strong data-start=\"334\" data-end=\"346\">Favorito<\/strong>: M\u00e9xico (nuevo estadio, apoyo local)<\/p><p style=\"text-align: center;\"><strong>Partido 3 \u2013 24 de junio de 2026<\/strong><\/p><p><strong data-start=\"468\" data-end=\"484\">M\u00e9xico vs A4<\/strong> \u2013 Estadio Azteca (Ciudad de M\u00e9xico)<br data-start=\"520\" data-end=\"523\" \/><strong data-start=\"523\" data-end=\"535\">Favorito<\/strong>: M\u00e9xico (juega en casa y cierra el grupo)<\/p>\t\t\t\t\t\t\t\t<\/div>\n\t\t\t\t<\/div>\n\t\t\t\t<\/div>\n\t\t<div class=\"elementor-element elementor-element-933ebcf e-con-full e-flex e-con e-child\" data-id=\"933ebcf\" data-element_type=\"container\" data-e-type=\"container\">\n\t\t\t\t<div class=\"elementor-element elementor-element-d6f9bff elementor-widget elementor-widget-text-editor\" data-id=\"d6f9bff\" data-element_type=\"widget\" data-e-type=\"widget\" data-widget_type=\"text-editor.default\">\n\t\t\t\t<div class=\"elementor-widget-container\">\n\t\t\t\t\t\t\t\t\t<p style=\"text-align: center;\"><strong>Fase eliminatoria \u2013 fechas clave<\/strong><\/p><ul><li data-start=\"529\" data-end=\"572\"><p data-start=\"531\" data-end=\"572\"><span class=\"relative -mx-px my-[-0.2rem] rounded px-px py-[0.2rem] transition-colors duration-100 ease-in-out\">Ronda de 32: 29 de junio \u2013 3 de julio<\/span><\/p><\/li><li data-start=\"576\" data-end=\"619\"><p data-start=\"578\" data-end=\"619\"><span class=\"relative -mx-px my-[-0.2rem] rounded px-px py-[0.2rem] transition-colors duration-100 ease-in-out\">Octavos de final: 4\u20117 de julio<\/span><\/p><\/li><li data-start=\"623\" data-end=\"666\"><p data-start=\"625\" data-end=\"666\"><span class=\"relative -mx-px my-[-0.2rem] rounded px-px py-[0.2rem] transition-colors duration-100 ease-in-out\">Cuartos: 10\u201111 de julio<\/span><\/p><\/li><li data-start=\"670\" data-end=\"713\"><p data-start=\"672\" data-end=\"713\"><span class=\"relative -mx-px my-[-0.2rem] rounded px-px py-[0.2rem] transition-colors duration-100 ease-in-out\">Semis: 14\u201115 de julio<\/span><\/p><\/li><li data-start=\"717\" data-end=\"798\"><p data-start=\"719\" data-end=\"798\"><span class=\"relative -mx-px my-[-0.2rem] rounded px-px py-[0.2rem] transition-colors duration-100 ease-in-out\">Final: <strong data-start=\"7\" data-end=\"22\">19 de julio<\/strong> \u2013 MetLife Stadium, New Jersey<\/span><\/p><\/li><\/ul><p style=\"text-align: center;\" data-start=\"803\" data-end=\"844\"><span class=\"relative -mx-px my-[-0.2rem] rounded px-px py-[0.2rem] transition-colors duration-100 ease-in-out\"><strong data-start=\"0\" data-end=\"51\" data-is-last-node=\"\" data-is-only-node=\"\">Favoritos generales por torneo (seg\u00fan apuestas)<\/strong><\/span><\/p><ul data-start=\"848\" data-end=\"976\"><li data-start=\"848\" data-end=\"891\"><p data-start=\"850\" data-end=\"891\"><span class=\"relative -mx-px my-[-0.2rem] rounded px-px py-[0.2rem] transition-colors duration-100 ease-in-out\"><strong data-start=\"0\" data-end=\"10\" data-is-only-node=\"\">Espa\u00f1a<\/strong>\u00a0y <strong data-start=\"20\" data-end=\"31\">Francia<\/strong>\u00a0como grandes candidatos<\/span><\/p><\/li><li data-start=\"895\" data-end=\"976\"><p data-start=\"897\" data-end=\"976\"><span class=\"relative -mx-px my-[-0.2rem] rounded px-px py-[0.2rem] transition-colors duration-100 ease-in-out\"><strong data-start=\"0\" data-end=\"10\" data-is-only-node=\"\">M\u00e9xico<\/strong> con bajas posibilidades globales<\/span><\/p><\/li><\/ul>\t\t\t\t\t\t\t\t<\/div>\n\t\t\t\t<\/div>\n\t\t\t\t<\/div>\n\t\t\t\t<\/div>\n\t\t<div class=\"elementor-element elementor-element-8140f3e e-con-full e-flex e-con e-parent\" data-id=\"8140f3e\" data-element_type=\"container\" data-e-type=\"container\">\n\t\t\t\t<div class=\"elementor-element elementor-element-2de79e9 elementor-widget elementor-widget-image\" data-id=\"2de79e9\" data-element_type=\"widget\" data-e-type=\"widget\" data-widget_type=\"image.default\">\n\t\t\t\t<div class=\"elementor-widget-container\">\n\t\t\t\t\t\t\t\t\t\t\t\t\t\t\t<img decoding=\"async\" src=\"https:\/\/tucoloniadigital.com\/wp-content\/uploads\/elementor\/thumbs\/vector-aislado-balon-futbol-realista-sobre-blanco-r8h3hvo5hd12zoutzs9ziik0xux52q0gve4ysmthpk.png\" title=\"Bal\u00f3n Soccer Mundial 2026\" alt=\"Bal\u00f3n Soccer Mundial 2026\" loading=\"lazy\" \/>\t\t\t\t\t\t\t\t\t\t\t\t\t\t\t<\/div>\n\t\t\t\t<\/div>\n\t\t\t\t<div class=\"elementor-element elementor-element-4edc4e7 elementor-widget elementor-widget-heading\" data-id=\"4edc4e7\" data-element_type=\"widget\" data-e-type=\"widget\" data-widget_type=\"heading.default\">\n\t\t\t\t<div class=\"elementor-widget-container\">\n\t\t\t\t\t<h3 class=\"elementor-heading-title elementor-size-default\">Datos Hist\u00f3ricos de Sede en M\u00e9xico<\/h3>\t\t\t\t<\/div>\n\t\t\t\t<\/div>\n\t\t\t\t<\/div>\n\t\t<div class=\"elementor-element elementor-element-f17b030 e-con-full e-flex e-con e-parent\" data-id=\"f17b030\" data-element_type=\"container\" data-e-type=\"container\">\n\t\t\t\t<div class=\"elementor-element elementor-element-0b45b3c elementor-widget elementor-widget-text-editor\" data-id=\"0b45b3c\" data-element_type=\"widget\" data-e-type=\"widget\" data-widget_type=\"text-editor.default\">\n\t\t\t\t<div class=\"elementor-widget-container\">\n\t\t\t\t\t\t\t\t\t<h4 style=\"text-align: left;\">\ud83c\uddf2\ud83c\uddfd 1. Mundial M\u00e9xico 1970: Primera vez anfitri\u00f3n.<\/h4><ul><li><strong>Ubicaci\u00f3n:<\/strong> Estadio Azteca, Ciudad de M\u00e9xico (inaugurado 1966).<\/li><\/ul><ul><li><strong>Rendimiento de M\u00e9xico:<\/strong> Alcanz\u00f3 los cuartos de final, quedando en el 6\u00ba lugar entre 16 selecciones.<\/li><\/ul><ul><li>\ud83c\udfc5 <strong>Dato curioso:<\/strong> Fue el primer Mundial que introdujo tarjetas amarillas y rojas; tambi\u00e9n se celebr\u00f3 el legendario \u201cPartido del Siglo\u201d (Italia 4\u20133 Alemania) en este estadio.<\/li><\/ul><h4>\ud83c\uddf2\ud83c\uddfd 2. Mundial M\u00e9xico 1986: Segunda ocasi\u00f3n como sede.<\/h4><ul><li><strong>Ubicaci\u00f3n:<\/strong> Estadio Azteca y otros recintos nacionales.<\/li><\/ul><ul><li><strong>Rendimiento de M\u00e9xico:<\/strong> De nuevo lleg\u00f3 a cuartos de final, repitiendo el 6\u00ba lugar, pero esta vez cay\u00f3 en penales ante Alemania Occidental.<\/li><\/ul><ul><li>\ud83c\udfdf\ufe0f <strong>Momento destacado:<\/strong> En este torneo se populariz\u00f3 \u201cLa Ola\u201d y debut\u00f3 la ic\u00f3nica mascota \u201cPique\u201d (un chile jalape\u00f1o).<\/li><\/ul><h4>\ud83c\udf1f 3. Mundial M\u00e9xico 2026: Tercer sede hist\u00f3rica.<\/h4><ul><li><strong>Hito hist\u00f3rico:<\/strong> M\u00e9xico ser\u00e1 el primer pa\u00eds en ser sede de tres Copas del Mundo.<\/li><\/ul><ul><li><strong>Preparativos:<\/strong> El Estadio Azteca ser\u00e1 la sede del partido inaugural y se est\u00e1n realizando renovaciones para cumplir con est\u00e1ndares FIFA (ampliaci\u00f3n a 90,000 localidades, nuevas zonas VIP, vestidores, etc.)<\/li><\/ul><ul><li>\ud83c\udfd7\ufe0f <strong>Dato relevante:<\/strong> Cuando la Copa regres\u00f3 en 1986 tras reemplazar a Colombia el torneo atrajo la mayor asistencia total de su historia hasta entonces, con m\u00e1s de 2.3 millones de espectadores.<\/li><\/ul>\t\t\t\t\t\t\t\t<\/div>\n\t\t\t\t<\/div>\n\t\t\t\t<\/div>\n\t\t<div class=\"elementor-element elementor-element-e318082 e-con-full e-flex e-con e-parent\" data-id=\"e318082\" data-element_type=\"container\" data-e-type=\"container\">\n\t\t\t\t<div class=\"elementor-element elementor-element-deceb0b elementor-widget elementor-widget-heading\" data-id=\"deceb0b\" data-element_type=\"widget\" data-e-type=\"widget\" data-widget_type=\"heading.default\">\n\t\t\t\t<div class=\"elementor-widget-container\">\n\t\t\t\t\t<span class=\"elementor-heading-title elementor-size-default\">*Datos curiosos del Mundial en M\u00e9xico<\/span>\t\t\t\t<\/div>\n\t\t\t\t<\/div>\n\t\t\t\t<div class=\"elementor-element elementor-element-669773f elementor-widget elementor-widget-text-editor\" data-id=\"669773f\" data-element_type=\"widget\" data-e-type=\"widget\" data-widget_type=\"text-editor.default\">\n\t\t\t\t<div class=\"elementor-widget-container\">\n\t\t\t\t\t\t\t\t\t<ul><li>M\u00e9xico es <strong>el \u00fanico pa\u00eds en haber albergado dos finales de Mundiales<\/strong> anteriores, ambas en el Estadio Azteca (1970 y 1986).<\/li><\/ul><ul><li>En 1986, <strong>el equipo de M\u00e9xico fue eliminado por Alemania<\/strong> Occidental en cuartos, tras haber sido l\u00edderes de grupo y ganadores en octavos.<\/li><\/ul><ul><li>En 2018, durante el triunfo 1\u20110 sobre Alemania en Rusia, <strong>la celebraci\u00f3n mexicana provoc\u00f3 peque\u00f1os \u201csismos\u201d<\/strong> en sensores de la Ciudad de M\u00e9xico.<\/li><\/ul>\t\t\t\t\t\t\t\t<\/div>\n\t\t\t\t<\/div>\n\t\t\t\t<\/div>\n\t\t<div class=\"elementor-element elementor-element-462d548 e-con-full e-flex e-con e-parent\" data-id=\"462d548\" data-element_type=\"container\" data-e-type=\"container\">\n\t\t\t\t<div class=\"elementor-element elementor-element-612bd6a elementor-widget elementor-widget-heading\" data-id=\"612bd6a\" data-element_type=\"widget\" data-e-type=\"widget\" data-widget_type=\"heading.default\">\n\t\t\t\t<div class=\"elementor-widget-container\">\n\t\t\t\t\t<span class=\"elementor-heading-title elementor-size-default\">Aprovecha la pasi\u00f3n del Futbol en M\u00e9xico para impulsar tu negocio: visibilidad garantizada, 12 meses seguidos.<\/span>\t\t\t\t<\/div>\n\t\t\t\t<\/div>\n\t\t\t\t<div class=\"elementor-element elementor-element-afb5dd1 elementor-align-center elementor-widget elementor-widget-button\" data-id=\"afb5dd1\" data-element_type=\"widget\" data-e-type=\"widget\" data-widget_type=\"button.default\">\n\t\t\t\t<div class=\"elementor-widget-container\">\n\t\t\t\t\t\t\t\t\t<div class=\"elementor-button-wrapper\">\n\t\t\t\t\t<a class=\"elementor-button elementor-button-link elementor-size-sm elementor-animation-grow\" href=\"https:\/\/tucoloniadigital.com\/contacto\/\">\n\t\t\t\t\t\t<span class=\"elementor-button-content-wrapper\">\n\t\t\t\t\t\t\t\t\t<span class=\"elementor-button-text\">\u00a1Quiero aparecer todo el a\u00f1o!<\/span>\n\t\t\t\t\t<\/span>\n\t\t\t\t\t<\/a>\n\t\t\t\t<\/div>\n\t\t\t\t\t\t\t\t<\/div>\n\t\t\t\t<\/div>\n\t\t\t\t<\/div>\n\t\t\t\t<\/div>\n\t\t","protected":false},"excerpt":{"rendered":"<p>Tu negocio en Tu Colonia Digital \u00a1Todo el a\u00f1o! Prep\u00e1rate para Fiebre futbolera\u00a0y convi\u00e9rtete en el sitio favorito de quienes visitan M\u00e9xico. Por solo $1,800 MXN al a\u00f1o, tu negocio tendr\u00e1 un sitio web personalizado en Tu Colonia Digital: con tu logo, servicios o productos, ubicaci\u00f3n y medios de contacto. As\u00ed, estar\u00e1s visible para miles [&hellip;]<\/p>\n","protected":false},"author":1,"featured_media":0,"parent":0,"menu_order":0,"comment_status":"closed","ping_status":"closed","template":"","meta":{"_acf_changed":false,"footnotes":""},"class_list":["post-6362","page","type-page","status-publish","hentry"],"acf":[],"_links":{"self":[{"href":"https:\/\/tucoloniadigital.com\/en\/wp-json\/wp\/v2\/pages\/6362","targetHints":{"allow":["GET"]}}],"collection":[{"href":"https:\/\/tucoloniadigital.com\/en\/wp-json\/wp\/v2\/pages"}],"about":[{"href":"https:\/\/tucoloniadigital.com\/en\/wp-json\/wp\/v2\/types\/page"}],"author":[{"embeddable":true,"href":"https:\/\/tucoloniadigital.com\/en\/wp-json\/wp\/v2\/users\/1"}],"replies":[{"embeddable":true,"href":"https:\/\/tucoloniadigital.com\/en\/wp-json\/wp\/v2\/comments?post=6362"}],"version-history":[{"count":49,"href":"https:\/\/tucoloniadigital.com\/en\/wp-json\/wp\/v2\/pages\/6362\/revisions"}],"predecessor-version":[{"id":7321,"href":"https:\/\/tucoloniadigital.com\/en\/wp-json\/wp\/v2\/pages\/6362\/revisions\/7321"}],"wp:attachment":[{"href":"https:\/\/tucoloniadigital.com\/en\/wp-json\/wp\/v2\/media?parent=6362"}],"curies":[{"name":"wp","href":"https:\/\/api.w.org\/{rel}","templated":true}]}}