{"id":5846,"date":"2025-05-24T03:08:04","date_gmt":"2025-05-24T03:08:04","guid":{"rendered":"https:\/\/tucoloniadigital.com\/?page_id=5846"},"modified":"2025-05-24T04:33:39","modified_gmt":"2025-05-24T04:33:39","slug":"empoderamiento-femenino","status":"publish","type":"page","link":"https:\/\/tucoloniadigital.com\/en\/empoderamiento-femenino\/","title":{"rendered":"Empoderamiento Femenino"},"content":{"rendered":"<div data-elementor-type=\"wp-page\" data-elementor-id=\"5846\" class=\"elementor elementor-5846\" data-elementor-post-type=\"page\">\n\t\t\t\t<div class=\"elementor-element elementor-element-988203c e-con-full e-flex e-con e-parent\" data-id=\"988203c\" data-element_type=\"container\" data-e-type=\"container\">\n\t\t\t\t<div class=\"elementor-element elementor-element-7959cdb elementor-widget elementor-widget-image\" data-id=\"7959cdb\" data-element_type=\"widget\" data-e-type=\"widget\" data-widget_type=\"image.default\">\n\t\t\t\t<div class=\"elementor-widget-container\">\n\t\t\t\t\t\t\t\t\t\t\t\t\t\t\t<img fetchpriority=\"high\" decoding=\"async\" width=\"300\" height=\"300\" src=\"https:\/\/tucoloniadigital.com\/wp-content\/uploads\/2025\/05\/Empoderamiento-Femenino-300x300.png\" class=\"attachment-medium size-medium wp-image-5847\" alt=\"Empoderamiento Femenino\" srcset=\"https:\/\/tucoloniadigital.com\/wp-content\/uploads\/2025\/05\/Empoderamiento-Femenino-300x300.png 300w, https:\/\/tucoloniadigital.com\/wp-content\/uploads\/2025\/05\/Empoderamiento-Femenino-150x150.png 150w, https:\/\/tucoloniadigital.com\/wp-content\/uploads\/2025\/05\/Empoderamiento-Femenino-12x12.png 12w, https:\/\/tucoloniadigital.com\/wp-content\/uploads\/2025\/05\/Empoderamiento-Femenino.png 500w\" sizes=\"(max-width: 300px) 100vw, 300px\" \/>\t\t\t\t\t\t\t\t\t\t\t\t\t\t\t<\/div>\n\t\t\t\t<\/div>\n\t\t\t\t<div class=\"elementor-element elementor-element-28043eb elementor-widget elementor-widget-text-editor\" data-id=\"28043eb\" data-element_type=\"widget\" data-e-type=\"widget\" data-widget_type=\"text-editor.default\">\n\t\t\t\t<div class=\"elementor-widget-container\">\n\t\t\t\t\t\t\t\t\t<p style=\"text-align: center;\">Un viaje hacia tu fuerza interior<\/p>\t\t\t\t\t\t\t\t<\/div>\n\t\t\t\t<\/div>\n\t\t\t\t<\/div>\n\t\t<div class=\"elementor-element elementor-element-2dd0be2 e-con-full e-flex e-con e-parent\" data-id=\"2dd0be2\" data-element_type=\"container\" data-e-type=\"container\">\n\t\t<div class=\"elementor-element elementor-element-b4ca265 e-con-full e-flex e-con e-child\" data-id=\"b4ca265\" data-element_type=\"container\" data-e-type=\"container\">\n\t\t\t\t<div class=\"elementor-element elementor-element-87c3bab elementor-widget elementor-widget-heading\" data-id=\"87c3bab\" data-element_type=\"widget\" data-e-type=\"widget\" data-widget_type=\"heading.default\">\n\t\t\t\t<div class=\"elementor-widget-container\">\n\t\t\t\t\t<h2 class=\"elementor-heading-title elementor-size-default\">Nuestro Objetivo<\/h2>\t\t\t\t<\/div>\n\t\t\t\t<\/div>\n\t\t\t\t<div class=\"elementor-element elementor-element-3a8a4a8 elementor-widget elementor-widget-text-editor\" data-id=\"3a8a4a8\" data-element_type=\"widget\" data-e-type=\"widget\" data-widget_type=\"text-editor.default\">\n\t\t\t\t<div class=\"elementor-widget-container\">\n\t\t\t\t\t\t\t\t\t<p style=\"text-align: center;\">Es ayudarte a reconocer y potenciar esa fuerza interior, brind\u00e1ndote las herramientas necesarias para que te conviertas en la protagonista de tu propia historia.<\/p>\t\t\t\t\t\t\t\t<\/div>\n\t\t\t\t<\/div>\n\t\t\t\t<\/div>\n\t\t<div class=\"elementor-element elementor-element-9ab07c0 e-con-full e-flex e-con e-child\" data-id=\"9ab07c0\" data-element_type=\"container\" data-e-type=\"container\">\n\t\t\t\t<div class=\"elementor-element elementor-element-3ce610d elementor-widget elementor-widget-image\" data-id=\"3ce610d\" data-element_type=\"widget\" data-e-type=\"widget\" data-widget_type=\"image.default\">\n\t\t\t\t<div class=\"elementor-widget-container\">\n\t\t\t\t\t\t\t\t\t\t\t\t\t\t\t<img decoding=\"async\" width=\"300\" height=\"200\" src=\"https:\/\/tucoloniadigital.com\/wp-content\/uploads\/2025\/05\/2148409925-300x200.jpg\" class=\"attachment-medium size-medium wp-image-5851\" alt=\"Empoderamiento Intro\" srcset=\"https:\/\/tucoloniadigital.com\/wp-content\/uploads\/2025\/05\/2148409925-300x200.jpg 300w, https:\/\/tucoloniadigital.com\/wp-content\/uploads\/2025\/05\/2148409925-768x512.jpg 768w, https:\/\/tucoloniadigital.com\/wp-content\/uploads\/2025\/05\/2148409925-18x12.jpg 18w, https:\/\/tucoloniadigital.com\/wp-content\/uploads\/2025\/05\/2148409925.jpg 1000w\" sizes=\"(max-width: 300px) 100vw, 300px\" \/>\t\t\t\t\t\t\t\t\t\t\t\t\t\t\t<\/div>\n\t\t\t\t<\/div>\n\t\t\t\t<\/div>\n\t\t\t\t<\/div>\n\t\t<div class=\"elementor-element elementor-element-f32bf7a e-con-full e-flex e-con e-parent\" data-id=\"f32bf7a\" data-element_type=\"container\" data-e-type=\"container\">\n\t\t\t\t<div class=\"elementor-element elementor-element-d519874 elementor-widget elementor-widget-heading\" data-id=\"d519874\" data-element_type=\"widget\" data-e-type=\"widget\" data-widget_type=\"heading.default\">\n\t\t\t\t<div class=\"elementor-widget-container\">\n\t\t\t\t\t<span class=\"elementor-heading-title elementor-size-default\">A trav\u00e9s de programas dise\u00f1ados especialmente para ti, te acompa\u00f1amos en el camino hacia el autoconocimiento, la confianza y la independencia. Queremos que descubras tu voz, tus talentos y tus capacidades, y que los utilices para construir la vida que deseas.<\/span>\t\t\t\t<\/div>\n\t\t\t\t<\/div>\n\t\t\t\t<\/div>\n\t\t<div class=\"elementor-element elementor-element-a1664e5 e-con-full e-flex e-con e-parent\" data-id=\"a1664e5\" data-element_type=\"container\" data-e-type=\"container\">\n\t\t<div class=\"elementor-element elementor-element-277b26d e-con-full e-flex e-con e-child\" data-id=\"277b26d\" data-element_type=\"container\" data-e-type=\"container\">\n\t\t\t\t<div class=\"elementor-element elementor-element-8d668f4 elementor-widget elementor-widget-heading\" data-id=\"8d668f4\" data-element_type=\"widget\" data-e-type=\"widget\" data-widget_type=\"heading.default\">\n\t\t\t\t<div class=\"elementor-widget-container\">\n\t\t\t\t\t<h3 class=\"elementor-heading-title elementor-size-default\">Servicios que ofrecemos:<\/h3>\t\t\t\t<\/div>\n\t\t\t\t<\/div>\n\t\t\t\t<div class=\"elementor-element elementor-element-d646b4e elementor-icon-list--layout-traditional elementor-list-item-link-full_width elementor-widget elementor-widget-icon-list\" data-id=\"d646b4e\" data-element_type=\"widget\" data-e-type=\"widget\" data-widget_type=\"icon-list.default\">\n\t\t\t\t<div class=\"elementor-widget-container\">\n\t\t\t\t\t\t\t<ul class=\"elementor-icon-list-items\">\n\t\t\t\t\t\t\t<li class=\"elementor-icon-list-item\">\n\t\t\t\t\t\t\t\t\t\t\t<span class=\"elementor-icon-list-icon\">\n\t\t\t\t\t\t\t<svg aria-hidden=\"true\" class=\"e-font-icon-svg e-fas-arrow-alt-circle-right\" viewbox=\"0 0 512 512\" xmlns=\"http:\/\/www.w3.org\/2000\/svg\"><path d=\"M256 8c137 0 248 111 248 248S393 504 256 504 8 393 8 256 119 8 256 8zM140 300h116v70.9c0 10.7 13 16.1 20.5 8.5l114.3-114.9c4.7-4.7 4.7-12.2 0-16.9l-114.3-115c-7.6-7.6-20.5-2.2-20.5 8.5V212H140c-6.6 0-12 5.4-12 12v64c0 6.6 5.4 12 12 12z\"><\/path><\/svg>\t\t\t\t\t\t<\/span>\n\t\t\t\t\t\t\t\t\t\t<span class=\"elementor-icon-list-text\"><b>Talleres de liderazgo y desarrollo personal:<\/b> Sesiones interactivas para fortalecer tus habilidades y autoestima.<\/span>\n\t\t\t\t\t\t\t\t\t<\/li>\n\t\t\t\t\t\t\t\t<li class=\"elementor-icon-list-item\">\n\t\t\t\t\t\t\t\t\t\t\t<span class=\"elementor-icon-list-icon\">\n\t\t\t\t\t\t\t<svg aria-hidden=\"true\" class=\"e-font-icon-svg e-fas-arrow-alt-circle-right\" viewbox=\"0 0 512 512\" xmlns=\"http:\/\/www.w3.org\/2000\/svg\"><path d=\"M256 8c137 0 248 111 248 248S393 504 256 504 8 393 8 256 119 8 256 8zM140 300h116v70.9c0 10.7 13 16.1 20.5 8.5l114.3-114.9c4.7-4.7 4.7-12.2 0-16.9l-114.3-115c-7.6-7.6-20.5-2.2-20.5 8.5V212H140c-6.6 0-12 5.4-12 12v64c0 6.6 5.4 12 12 12z\"><\/path><\/svg>\t\t\t\t\t\t<\/span>\n\t\t\t\t\t\t\t\t\t\t<span class=\"elementor-icon-list-text\"><b>Mentor\u00edas personalizadas: <\/b>Acompa\u00f1amiento de mujeres l\u00edderes que te guiar\u00e1n en tu crecimiento personal y profesional.<\/span>\n\t\t\t\t\t\t\t\t\t<\/li>\n\t\t\t\t\t\t\t\t<li class=\"elementor-icon-list-item\">\n\t\t\t\t\t\t\t\t\t\t\t<span class=\"elementor-icon-list-icon\">\n\t\t\t\t\t\t\t<svg aria-hidden=\"true\" class=\"e-font-icon-svg e-fas-arrow-alt-circle-right\" viewbox=\"0 0 512 512\" xmlns=\"http:\/\/www.w3.org\/2000\/svg\"><path d=\"M256 8c137 0 248 111 248 248S393 504 256 504 8 393 8 256 119 8 256 8zM140 300h116v70.9c0 10.7 13 16.1 20.5 8.5l114.3-114.9c4.7-4.7 4.7-12.2 0-16.9l-114.3-115c-7.6-7.6-20.5-2.2-20.5 8.5V212H140c-6.6 0-12 5.4-12 12v64c0 6.6 5.4 12 12 12z\"><\/path><\/svg>\t\t\t\t\t\t<\/span>\n\t\t\t\t\t\t\t\t\t\t<span class=\"elementor-icon-list-text\"><b>Red de apoyo entre mujeres:<\/b> Espacios seguros para compartir experiencias, desaf\u00edos y logros.<\/span>\n\t\t\t\t\t\t\t\t\t<\/li>\n\t\t\t\t\t\t\t\t<li class=\"elementor-icon-list-item\">\n\t\t\t\t\t\t\t\t\t\t\t<span class=\"elementor-icon-list-icon\">\n\t\t\t\t\t\t\t<svg aria-hidden=\"true\" class=\"e-font-icon-svg e-fas-arrow-alt-circle-right\" viewbox=\"0 0 512 512\" xmlns=\"http:\/\/www.w3.org\/2000\/svg\"><path d=\"M256 8c137 0 248 111 248 248S393 504 256 504 8 393 8 256 119 8 256 8zM140 300h116v70.9c0 10.7 13 16.1 20.5 8.5l114.3-114.9c4.7-4.7 4.7-12.2 0-16.9l-114.3-115c-7.6-7.6-20.5-2.2-20.5 8.5V212H140c-6.6 0-12 5.4-12 12v64c0 6.6 5.4 12 12 12z\"><\/path><\/svg>\t\t\t\t\t\t<\/span>\n\t\t\t\t\t\t\t\t\t\t<span class=\"elementor-icon-list-text\"><b>Recursos educativos:<\/b> Materiales y cursos en l\u00ednea para fomentar tu aprendizaje continuo.<\/span>\n\t\t\t\t\t\t\t\t\t<\/li>\n\t\t\t\t\t\t\t\t<li class=\"elementor-icon-list-item\">\n\t\t\t\t\t\t\t\t\t\t\t<span class=\"elementor-icon-list-icon\">\n\t\t\t\t\t\t\t<svg aria-hidden=\"true\" class=\"e-font-icon-svg e-fas-arrow-alt-circle-right\" viewbox=\"0 0 512 512\" xmlns=\"http:\/\/www.w3.org\/2000\/svg\"><path d=\"M256 8c137 0 248 111 248 248S393 504 256 504 8 393 8 256 119 8 256 8zM140 300h116v70.9c0 10.7 13 16.1 20.5 8.5l114.3-114.9c4.7-4.7 4.7-12.2 0-16.9l-114.3-115c-7.6-7.6-20.5-2.2-20.5 8.5V212H140c-6.6 0-12 5.4-12 12v64c0 6.6 5.4 12 12 12z\"><\/path><\/svg>\t\t\t\t\t\t<\/span>\n\t\t\t\t\t\t\t\t\t\t<span class=\"elementor-icon-list-text\"><b>Eventos inspiradores:<\/b> Conferencias y charlas con mujeres que han transformado sus vidas y las de otras.<\/span>\n\t\t\t\t\t\t\t\t\t<\/li>\n\t\t\t\t\t\t<\/ul>\n\t\t\t\t\t\t<\/div>\n\t\t\t\t<\/div>\n\t\t\t\t<\/div>\n\t\t<div class=\"elementor-element elementor-element-6d4051d e-con-full e-flex e-con e-child\" data-id=\"6d4051d\" data-element_type=\"container\" data-e-type=\"container\">\n\t\t\t\t<div class=\"elementor-element elementor-element-76ddbba elementor-widget elementor-widget-image\" data-id=\"76ddbba\" data-element_type=\"widget\" data-e-type=\"widget\" data-widget_type=\"image.default\">\n\t\t\t\t<div class=\"elementor-widget-container\">\n\t\t\t\t\t\t\t\t\t\t\t\t\t\t\t<img decoding=\"async\" width=\"300\" height=\"228\" src=\"https:\/\/tucoloniadigital.com\/wp-content\/uploads\/2025\/05\/121188-300x228.jpg\" class=\"attachment-medium size-medium wp-image-5856\" alt=\"Empoderamiento Femenino TCD\" srcset=\"https:\/\/tucoloniadigital.com\/wp-content\/uploads\/2025\/05\/121188-300x228.jpg 300w, https:\/\/tucoloniadigital.com\/wp-content\/uploads\/2025\/05\/121188-768x584.jpg 768w, https:\/\/tucoloniadigital.com\/wp-content\/uploads\/2025\/05\/121188-16x12.jpg 16w, https:\/\/tucoloniadigital.com\/wp-content\/uploads\/2025\/05\/121188.jpg 1000w\" sizes=\"(max-width: 300px) 100vw, 300px\" \/>\t\t\t\t\t\t\t\t\t\t\t\t\t\t\t<\/div>\n\t\t\t\t<\/div>\n\t\t\t\t<\/div>\n\t\t\t\t<\/div>\n\t\t<div class=\"elementor-element elementor-element-e029b78 e-con-full e-flex e-con e-parent\" data-id=\"e029b78\" data-element_type=\"container\" data-e-type=\"container\">\n\t\t\t\t<div class=\"elementor-element elementor-element-b8be4dd elementor-widget elementor-widget-heading\" data-id=\"b8be4dd\" data-element_type=\"widget\" data-e-type=\"widget\" data-widget_type=\"heading.default\">\n\t\t\t\t<div class=\"elementor-widget-container\">\n\t\t\t\t\t<span class=\"elementor-heading-title elementor-size-default\">No est\u00e1s sola en este camino. <p> \n\n\u00danete a nuestra comunidad y comienza a construir la vida que mereces. <\/span>\t\t\t\t<\/div>\n\t\t\t\t<\/div>\n\t\t\t\t<\/div>\n\t\t\t\t<\/div>","protected":false},"excerpt":{"rendered":"<p>Un viaje hacia tu fuerza interior Nuestro Objetivo Es ayudarte a reconocer y potenciar esa fuerza interior, brind\u00e1ndote las herramientas necesarias para que te conviertas en la protagonista de tu propia historia. A trav\u00e9s de programas dise\u00f1ados especialmente para ti, te acompa\u00f1amos en el camino hacia el autoconocimiento, la confianza y la independencia. Queremos que [&hellip;]<\/p>\n","protected":false},"author":1,"featured_media":0,"parent":0,"menu_order":0,"comment_status":"closed","ping_status":"closed","template":"","meta":{"_acf_changed":false,"footnotes":""},"class_list":["post-5846","page","type-page","status-publish","hentry"],"acf":[],"_links":{"self":[{"href":"https:\/\/tucoloniadigital.com\/en\/wp-json\/wp\/v2\/pages\/5846","targetHints":{"allow":["GET"]}}],"collection":[{"href":"https:\/\/tucoloniadigital.com\/en\/wp-json\/wp\/v2\/pages"}],"about":[{"href":"https:\/\/tucoloniadigital.com\/en\/wp-json\/wp\/v2\/types\/page"}],"author":[{"embeddable":true,"href":"https:\/\/tucoloniadigital.com\/en\/wp-json\/wp\/v2\/users\/1"}],"replies":[{"embeddable":true,"href":"https:\/\/tucoloniadigital.com\/en\/wp-json\/wp\/v2\/comments?post=5846"}],"version-history":[{"count":25,"href":"https:\/\/tucoloniadigital.com\/en\/wp-json\/wp\/v2\/pages\/5846\/revisions"}],"predecessor-version":[{"id":5908,"href":"https:\/\/tucoloniadigital.com\/en\/wp-json\/wp\/v2\/pages\/5846\/revisions\/5908"}],"wp:attachment":[{"href":"https:\/\/tucoloniadigital.com\/en\/wp-json\/wp\/v2\/media?parent=5846"}],"curies":[{"name":"wp","href":"https:\/\/api.w.org\/{rel}","templated":true}]}}